{"id":381,"date":"2021-01-18T12:33:47","date_gmt":"2021-01-18T12:33:47","guid":{"rendered":"https:\/\/www.portnoir.lu\/building-values\/"},"modified":"2021-03-02T10:54:45","modified_gmt":"2021-03-02T10:54:45","slug":"building-values","status":"publish","type":"page","link":"https:\/\/www.portnoir.lu\/fr\/","title":{"rendered":"Cr\u00e9ateur de valeurs"},"content":{"rendered":"\n<div class=\"wp-block-columns lead\">\n<div class=\"wp-block-column\">\n<h1>Port Noir, entreprise familiale, est une soci\u00e9t\u00e9 d\u2019investissement active dans <a href=\"https:\/\/www.portnoir.lu\/fr\/immobilier\/\">l\u2019immobilier<\/a>, <a href=\"https:\/\/www.portnoir.lu\/private-capital\/?lang=fr\">le <\/a><a href=\"https:\/\/www.portnoir.lu\/fr\/private-capital\/\">capital<\/a><a href=\"https:\/\/www.portnoir.lu\/private-capital\/?lang=fr\">-investissement<\/a> et le <a href=\"https:\/\/www.portnoir.lu\/fr\/private-capital\/\">capital<\/a><a href=\"https:\/\/www.portnoir.lu\/a-propos\/?lang=fr\">-risque <\/a>\u00e0 l\u2019\u00e9chelle europ\u00e9enne.<\/h1>\n<\/div>\n<\/div>\n\n\n\n<figure class=\"wp-block-image size-large js-parallax\"><img loading=\"lazy\" width=\"1024\" height=\"288\" src=\"https:\/\/www.portnoir.lu\/wp-content\/uploads\/2021\/02\/IMG_HOME-1024x288.jpg\" alt=\"\" class=\"wp-image-376\" srcset=\"https:\/\/www.portnoir.lu\/wp-content\/uploads\/2021\/02\/IMG_HOME-1024x288.jpg 1024w, https:\/\/www.portnoir.lu\/wp-content\/uploads\/2021\/02\/IMG_HOME-300x84.jpg 300w, https:\/\/www.portnoir.lu\/wp-content\/uploads\/2021\/02\/IMG_HOME-768x216.jpg 768w, https:\/\/www.portnoir.lu\/wp-content\/uploads\/2021\/02\/IMG_HOME-1536x432.jpg 1536w, https:\/\/www.portnoir.lu\/wp-content\/uploads\/2021\/02\/IMG_HOME.jpg 1920w\" sizes=\"(max-width: 1024px) 100vw, 1024px\" \/><\/figure>\n\n\n\n<div class=\"wp-block-columns wysiwyg__columns --small\">\n<div class=\"wp-block-column\">\n<p>La soci\u00e9t\u00e9 a \u00e9t\u00e9 cr\u00e9\u00e9e en 2001 par Claude Berda, fondateur et pr\u00e9sident du groupe AB (aujourd&rsquo;hui Mediawan Thematics), cot\u00e9 au NYSE et premi\u00e8re soci\u00e9t\u00e9 de production et de diffusion de contenus audiovisuels en<\/p>\n<\/div>\n\n\n\n<div class=\"wp-block-column\">\n<p>Europe, qu&rsquo;il a vendu en 2017. Il a \u00e9t\u00e9 l&rsquo;un des premiers \u00e0 mettre en place une int\u00e9gration verticale des entreprises dans toute l&rsquo;Europe, un mod\u00e8le commercial qui en \u00e9tait \u00e0 ses d\u00e9buts et qui s&rsquo;est av\u00e9r\u00e9 \u00eatre une cl\u00e9 de succ\u00e8s tr\u00e8s r\u00e9pandue \u00e0 l&rsquo;\u00e9poque.<\/p>\n<\/div>\n<\/div>\n\n\n\n<div class=\"wp-block-columns wysiwyg__cta\">\n<div class=\"wp-block-column\">\n<p><a href=\"https:\/\/www.portnoir.lu\/fr\/a-propos\/\" class=\"btn btn-primary\">En savoir plus<\/a><\/p>\n<\/div>\n<\/div>\n\n\n\n<div class=\"wp-block-columns wysiwyg__columns --large\">\n<div class=\"wp-block-column\">\n<figure class=\"wp-block-image size-large js-parallax\"><img loading=\"lazy\" width=\"910\" height=\"1024\" src=\"https:\/\/www.portnoir.lu\/wp-content\/uploads\/2021\/01\/real-estate-910x1024.png\" alt=\"Portnoir - Outside penthouse.\" class=\"wp-image-25\" srcset=\"https:\/\/www.portnoir.lu\/wp-content\/uploads\/2021\/01\/real-estate-910x1024.png 910w, https:\/\/www.portnoir.lu\/wp-content\/uploads\/2021\/01\/real-estate-267x300.png 267w, https:\/\/www.portnoir.lu\/wp-content\/uploads\/2021\/01\/real-estate-768x864.png 768w, https:\/\/www.portnoir.lu\/wp-content\/uploads\/2021\/01\/real-estate.png 960w\" sizes=\"(max-width: 910px) 100vw, 910px\" \/><\/figure>\n<\/div>\n\n\n\n<div class=\"wp-block-column card --home\">\n<h2>immobilier<\/h2>\n\n\n\n<p>Fruit de quarante ann\u00e9es d\u2019exp\u00e9rience dans le domaine de l&rsquo;immobilier, notre expertise consiste \u00e0 identifier les opportunit\u00e9s sur des march\u00e9s peu visibles et \u00e0 en exploiter leurs potentiels.<\/p>\n\n\n\n<p><a class=\"btn btn-primary\" href=\"https:\/\/www.portnoir.lu\/fr\/immobilier\/\">En savoir plus<\/a><\/p>\n<\/div>\n<\/div>\n\n\n\n<div class=\"wp-block-columns wysiwyg__columns --large\">\n<div class=\"wp-block-column card --home\">\n<h2>private capital<\/h2>\n\n\n\n<p>Que ce soit pour le capital-investissement ou le capital-risque, l\u2019objectif de Port Noir est toujours le m\u00eame : constituer un portefeuille diversifi\u00e9 d&rsquo;investissements g\u00e9n\u00e9rateurs de revenus et de croissance. Nous recherchons des partenaires ambitieux, comp\u00e9tents et partageant les m\u00eames valeurs, investis tout au long dans le futur succ\u00e8s de leur entreprise.<\/p>\n\n\n\n<p><a class=\"btn btn-primary\" href=\"https:\/\/www.portnoir.lu\/fr\/private-capital\/\">En savoir plus<\/a><\/p>\n<\/div>\n\n\n\n<div class=\"wp-block-column js-parallax\">\n<figure class=\"wp-block-image size-large\"><img loading=\"lazy\" width=\"910\" height=\"1024\" src=\"https:\/\/www.portnoir.lu\/wp-content\/uploads\/2021\/01\/private-capital-910x1024.png\" alt=\"Portnoir - Design stairs.\" class=\"wp-image-26\" srcset=\"https:\/\/www.portnoir.lu\/wp-content\/uploads\/2021\/01\/private-capital-910x1024.png 910w, https:\/\/www.portnoir.lu\/wp-content\/uploads\/2021\/01\/private-capital-267x300.png 267w, https:\/\/www.portnoir.lu\/wp-content\/uploads\/2021\/01\/private-capital-768x864.png 768w, https:\/\/www.portnoir.lu\/wp-content\/uploads\/2021\/01\/private-capital.png 960w\" sizes=\"(max-width: 910px) 100vw, 910px\" \/><\/figure>\n<\/div>\n<\/div>\n\n\n<div class=\"container-fluid-gradient\">\n    <div class=\"container-fluid px-0\">\n        <div class=\"swiper-main -home\">\n            <div class=\"swiper-container swiper-home\">\n                <h3 class=\"text-center mb-5 pb-3\">Pr\u00e8s de deux d\u00e9cennies de cr\u00e9ation de valeurs<\/h3>\n\n                <div class=\"swiper-wrapper\">\n                                    <\/div>\n                \n                <div class=\"swiper-pagination\"><\/div>\n            <\/div>\n        <\/div>\n\n    <div class=\"gradient-swiper\"><\/div>\n    <\/div>\n<\/div>\n","protected":false},"excerpt":{"rendered":"<p>Port Noir, entreprise familiale, est une soci\u00e9t\u00e9 d\u2019investissement active dans l\u2019immobilier, le capital-investissement et le capital-risque \u00e0 l\u2019\u00e9chelle europ\u00e9enne. La soci\u00e9t\u00e9 a \u00e9t\u00e9 cr\u00e9\u00e9e en 2001 par Claude Berda, fondateur et pr\u00e9sident du groupe AB (aujourd&rsquo;hui Mediawan Thematics), cot\u00e9 au NYSE et premi\u00e8re soci\u00e9t\u00e9 de production et de diffusion de contenus audiovisuels en Europe, qu&rsquo;il [&hellip;]<\/p>\n","protected":false},"author":1,"featured_media":0,"parent":0,"menu_order":0,"comment_status":"closed","ping_status":"closed","template":"","meta":[],"acf":[],"yoast_head":"<!-- This site is optimized with the Yoast SEO plugin v17.8 - https:\/\/yoast.com\/wordpress\/plugins\/seo\/ -->\n<title>Cr\u00e9ateur de valeurs - Port Noir<\/title>\n<meta name=\"robots\" content=\"index, follow, max-snippet:-1, max-image-preview:large, max-video-preview:-1\" \/>\n<link rel=\"canonical\" href=\"https:\/\/www.portnoir.lu\/fr\/\" \/>\n<meta property=\"og:locale\" content=\"fr_FR\" \/>\n<meta property=\"og:type\" content=\"article\" \/>\n<meta property=\"og:title\" content=\"Cr\u00e9ateur de valeurs - Port Noir\" \/>\n<meta property=\"og:description\" content=\"Port Noir, entreprise familiale, est une soci\u00e9t\u00e9 d\u2019investissement active dans l\u2019immobilier, le capital-investissement et le capital-risque \u00e0 l\u2019\u00e9chelle europ\u00e9enne. La soci\u00e9t\u00e9 a \u00e9t\u00e9 cr\u00e9\u00e9e en 2001 par Claude Berda, fondateur et pr\u00e9sident du groupe AB (aujourd&rsquo;hui Mediawan Thematics), cot\u00e9 au NYSE et premi\u00e8re soci\u00e9t\u00e9 de production et de diffusion de contenus audiovisuels en Europe, qu&rsquo;il [&hellip;]\" \/>\n<meta property=\"og:url\" content=\"https:\/\/www.portnoir.lu\/fr\/\" \/>\n<meta property=\"og:site_name\" content=\"Port Noir\" \/>\n<meta property=\"article:modified_time\" content=\"2021-03-02T10:54:45+00:00\" \/>\n<meta property=\"og:image\" content=\"https:\/\/www.portnoir.lu\/wp-content\/uploads\/2021\/02\/IMG_HOME-1024x288.jpg\" \/>\n<meta name=\"twitter:card\" content=\"summary_large_image\" \/>\n<meta name=\"twitter:label1\" content=\"Dur\u00e9e de lecture estim\u00e9e\" \/>\n\t<meta name=\"twitter:data1\" content=\"2 minutes\" \/>\n<script type=\"application\/ld+json\" class=\"yoast-schema-graph\">{\"@context\":\"https:\/\/schema.org\",\"@graph\":[{\"@type\":\"WebSite\",\"@id\":\"https:\/\/www.portnoir.lu\/#website\",\"url\":\"https:\/\/www.portnoir.lu\/\",\"name\":\"Port Noir\",\"description\":\"Building values\",\"potentialAction\":[{\"@type\":\"SearchAction\",\"target\":{\"@type\":\"EntryPoint\",\"urlTemplate\":\"https:\/\/www.portnoir.lu\/?s={search_term_string}\"},\"query-input\":\"required name=search_term_string\"}],\"inLanguage\":\"fr-FR\"},{\"@type\":\"ImageObject\",\"@id\":\"https:\/\/www.portnoir.lu\/fr\/#primaryimage\",\"inLanguage\":\"fr-FR\",\"url\":\"https:\/\/www.portnoir.lu\/wp-content\/uploads\/2021\/02\/IMG_HOME.jpg\",\"contentUrl\":\"https:\/\/www.portnoir.lu\/wp-content\/uploads\/2021\/02\/IMG_HOME.jpg\",\"width\":1920,\"height\":540},{\"@type\":\"WebPage\",\"@id\":\"https:\/\/www.portnoir.lu\/fr\/#webpage\",\"url\":\"https:\/\/www.portnoir.lu\/fr\/\",\"name\":\"Cr\\u00e9ateur de valeurs - Port Noir\",\"isPartOf\":{\"@id\":\"https:\/\/www.portnoir.lu\/#website\"},\"primaryImageOfPage\":{\"@id\":\"https:\/\/www.portnoir.lu\/fr\/#primaryimage\"},\"datePublished\":\"2021-01-18T12:33:47+00:00\",\"dateModified\":\"2021-03-02T10:54:45+00:00\",\"breadcrumb\":{\"@id\":\"https:\/\/www.portnoir.lu\/fr\/#breadcrumb\"},\"inLanguage\":\"fr-FR\",\"potentialAction\":[{\"@type\":\"ReadAction\",\"target\":[\"https:\/\/www.portnoir.lu\/fr\/\"]}]},{\"@type\":\"BreadcrumbList\",\"@id\":\"https:\/\/www.portnoir.lu\/fr\/#breadcrumb\",\"itemListElement\":[{\"@type\":\"ListItem\",\"position\":1,\"name\":\"Cr\\u00e9ateur de valeurs\"}]}]}<\/script>\n<!-- \/ Yoast SEO plugin. -->","yoast_head_json":{"title":"Cr\u00e9ateur de valeurs - Port Noir","robots":{"index":"index","follow":"follow","max-snippet":"max-snippet:-1","max-image-preview":"max-image-preview:large","max-video-preview":"max-video-preview:-1"},"canonical":"https:\/\/www.portnoir.lu\/fr\/","og_locale":"fr_FR","og_type":"article","og_title":"Cr\u00e9ateur de valeurs - Port Noir","og_description":"Port Noir, entreprise familiale, est une soci\u00e9t\u00e9 d\u2019investissement active dans l\u2019immobilier, le capital-investissement et le capital-risque \u00e0 l\u2019\u00e9chelle europ\u00e9enne. La soci\u00e9t\u00e9 a \u00e9t\u00e9 cr\u00e9\u00e9e en 2001 par Claude Berda, fondateur et pr\u00e9sident du groupe AB (aujourd&rsquo;hui Mediawan Thematics), cot\u00e9 au NYSE et premi\u00e8re soci\u00e9t\u00e9 de production et de diffusion de contenus audiovisuels en Europe, qu&rsquo;il [&hellip;]","og_url":"https:\/\/www.portnoir.lu\/fr\/","og_site_name":"Port Noir","article_modified_time":"2021-03-02T10:54:45+00:00","og_image":[{"url":"https:\/\/www.portnoir.lu\/wp-content\/uploads\/2021\/02\/IMG_HOME-1024x288.jpg"}],"twitter_card":"summary_large_image","twitter_misc":{"Dur\u00e9e de lecture estim\u00e9e":"2 minutes"},"schema":{"@context":"https:\/\/schema.org","@graph":[{"@type":"WebSite","@id":"https:\/\/www.portnoir.lu\/#website","url":"https:\/\/www.portnoir.lu\/","name":"Port Noir","description":"Building values","potentialAction":[{"@type":"SearchAction","target":{"@type":"EntryPoint","urlTemplate":"https:\/\/www.portnoir.lu\/?s={search_term_string}"},"query-input":"required name=search_term_string"}],"inLanguage":"fr-FR"},{"@type":"ImageObject","@id":"https:\/\/www.portnoir.lu\/fr\/#primaryimage","inLanguage":"fr-FR","url":"https:\/\/www.portnoir.lu\/wp-content\/uploads\/2021\/02\/IMG_HOME.jpg","contentUrl":"https:\/\/www.portnoir.lu\/wp-content\/uploads\/2021\/02\/IMG_HOME.jpg","width":1920,"height":540},{"@type":"WebPage","@id":"https:\/\/www.portnoir.lu\/fr\/#webpage","url":"https:\/\/www.portnoir.lu\/fr\/","name":"Cr\u00e9ateur de valeurs - Port Noir","isPartOf":{"@id":"https:\/\/www.portnoir.lu\/#website"},"primaryImageOfPage":{"@id":"https:\/\/www.portnoir.lu\/fr\/#primaryimage"},"datePublished":"2021-01-18T12:33:47+00:00","dateModified":"2021-03-02T10:54:45+00:00","breadcrumb":{"@id":"https:\/\/www.portnoir.lu\/fr\/#breadcrumb"},"inLanguage":"fr-FR","potentialAction":[{"@type":"ReadAction","target":["https:\/\/www.portnoir.lu\/fr\/"]}]},{"@type":"BreadcrumbList","@id":"https:\/\/www.portnoir.lu\/fr\/#breadcrumb","itemListElement":[{"@type":"ListItem","position":1,"name":"Cr\u00e9ateur de valeurs"}]}]}},"_links":{"self":[{"href":"https:\/\/www.portnoir.lu\/fr\/wp-json\/wp\/v2\/pages\/381"}],"collection":[{"href":"https:\/\/www.portnoir.lu\/fr\/wp-json\/wp\/v2\/pages"}],"about":[{"href":"https:\/\/www.portnoir.lu\/fr\/wp-json\/wp\/v2\/types\/page"}],"author":[{"embeddable":true,"href":"https:\/\/www.portnoir.lu\/fr\/wp-json\/wp\/v2\/users\/1"}],"replies":[{"embeddable":true,"href":"https:\/\/www.portnoir.lu\/fr\/wp-json\/wp\/v2\/comments?post=381"}],"version-history":[{"count":10,"href":"https:\/\/www.portnoir.lu\/fr\/wp-json\/wp\/v2\/pages\/381\/revisions"}],"predecessor-version":[{"id":411,"href":"https:\/\/www.portnoir.lu\/fr\/wp-json\/wp\/v2\/pages\/381\/revisions\/411"}],"wp:attachment":[{"href":"https:\/\/www.portnoir.lu\/fr\/wp-json\/wp\/v2\/media?parent=381"}],"curies":[{"name":"wp","href":"https:\/\/api.w.org\/{rel}","templated":true}]}}