{"id":392,"date":"2021-01-28T08:53:11","date_gmt":"2021-01-28T08:53:11","guid":{"rendered":"https:\/\/www.portnoir.lu\/private-capital\/"},"modified":"2021-03-02T13:36:56","modified_gmt":"2021-03-02T13:36:56","slug":"private-capital","status":"publish","type":"page","link":"https:\/\/www.portnoir.lu\/fr\/private-capital\/","title":{"rendered":"Private capital"},"content":{"rendered":"\n<div class=\"wp-block-columns basic-header\">\n<div class=\"wp-block-column\">\n<p>Que ce soit pour le capital-investissement ou le capital-risque, l\u2019objectif de Port Noir est toujours le m\u00eame : constituer un portefeuille diversifi\u00e9 d&rsquo;investissements g\u00e9n\u00e9rateurs de revenus et de croissance. Nous recherchons des partenaires ambitieux, comp\u00e9tents et partageant les m\u00eames valeurs, investis tout au long dans le futur succ\u00e8s de leur entreprise.<\/p>\n<\/div>\n<\/div>\n\n\n\n<figure class=\"wp-block-image size-large\"><img loading=\"lazy\" width=\"1024\" height=\"576\" src=\"https:\/\/www.portnoir.lu\/wp-content\/uploads\/2021\/01\/private-capital_lead-1024x576.jpg\" alt=\"Top of buildings and sky.\" class=\"wp-image-144\" srcset=\"https:\/\/www.portnoir.lu\/wp-content\/uploads\/2021\/01\/private-capital_lead-1024x576.jpg 1024w, https:\/\/www.portnoir.lu\/wp-content\/uploads\/2021\/01\/private-capital_lead-300x169.jpg 300w, https:\/\/www.portnoir.lu\/wp-content\/uploads\/2021\/01\/private-capital_lead-768x432.jpg 768w, https:\/\/www.portnoir.lu\/wp-content\/uploads\/2021\/01\/private-capital_lead-1536x864.jpg 1536w, https:\/\/www.portnoir.lu\/wp-content\/uploads\/2021\/01\/private-capital_lead.jpg 1920w\" sizes=\"(max-width: 1024px) 100vw, 1024px\" \/><\/figure>\n\n\n\n<div class=\"wp-block-columns wysiwyg__columns --large\" id=\"private-equity\">\n<div class=\"wp-block-column card --private-capital\">\n<h3>Private equity<\/h3>\n\n\n\n<p>Si nos investissements ne sont pas limit\u00e9s en terme de taille ou de secteurs d\u2019activit\u00e9s, ils ont n\u00e9anmoins tous un d\u00e9nominateur commun: la possibilit\u00e9 d&rsquo;une croissance saine sur le long terme avec un retour \u00e9lev\u00e9 sur investissement.<\/p>\n\n\n\n<p>Notre croissance est le r\u00e9sultat d\u2019une collaboration avec les meilleurs \u00e9quipes d\u2019investissement<\/p>\n<\/div>\n\n\n\n<div class=\"wp-block-column\">\n<figure class=\"wp-block-image size-large\"><img loading=\"lazy\" width=\"674\" height=\"836\" src=\"https:\/\/www.portnoir.lu\/wp-content\/uploads\/2021\/01\/private-equity_thumbnail.jpg\" alt=\"Stairs and sky.\" class=\"wp-image-146\" srcset=\"https:\/\/www.portnoir.lu\/wp-content\/uploads\/2021\/01\/private-equity_thumbnail.jpg 674w, https:\/\/www.portnoir.lu\/wp-content\/uploads\/2021\/01\/private-equity_thumbnail-242x300.jpg 242w\" sizes=\"(max-width: 674px) 100vw, 674px\" \/><\/figure>\n<\/div>\n<\/div>\n\n\n\n<div class=\"wp-block-columns wysiwyg__columns --large\" id=\"venture-capital\">\n<div class=\"wp-block-column\">\n<figure class=\"wp-block-image size-large\"><img loading=\"lazy\" width=\"674\" height=\"836\" src=\"https:\/\/www.portnoir.lu\/wp-content\/uploads\/2021\/01\/venture-capital_thumbnail.jpg\" alt=\"Villa's roof\" class=\"wp-image-147\" srcset=\"https:\/\/www.portnoir.lu\/wp-content\/uploads\/2021\/01\/venture-capital_thumbnail.jpg 674w, https:\/\/www.portnoir.lu\/wp-content\/uploads\/2021\/01\/venture-capital_thumbnail-242x300.jpg 242w\" sizes=\"(max-width: 674px) 100vw, 674px\" \/><\/figure>\n<\/div>\n\n\n\n<div class=\"wp-block-column card --private-capital\">\n<h3>Joint venture<\/h3>\n\n\n\n<p>En tant que soci\u00e9t\u00e9 d&rsquo;investissement familiale, nous envisageons nos investissements sur le long terme. Ce sont les entrepreneurs et les fondateurs qui d\u00e9cident d\u2019investir dans un projet ainsi que les gestionnaires de fonds par l&rsquo;interm\u00e9diaire desquels nous investissons, qui guident notre motivation. <\/p>\n\n\n\n<p>Notre but est de trouver des personnes ayant une philosophie et des aspirations semblables et de les encourager \u00e0 puiser dans nos ressources, notre capital et notre expertise pour obtenir d\u2019excellents r\u00e9sultats dans un environnement sain.<\/p>\n<\/div>\n<\/div>\n","protected":false},"excerpt":{"rendered":"<p>Que ce soit pour le capital-investissement ou le capital-risque, l\u2019objectif de Port Noir est toujours le m\u00eame : constituer un portefeuille diversifi\u00e9 d&rsquo;investissements g\u00e9n\u00e9rateurs de revenus et de croissance. Nous recherchons des partenaires ambitieux, comp\u00e9tents et partageant les m\u00eames valeurs, investis tout au long dans le futur succ\u00e8s de leur entreprise. Private equity Si nos [&hellip;]<\/p>\n","protected":false},"author":1,"featured_media":0,"parent":0,"menu_order":0,"comment_status":"closed","ping_status":"closed","template":"","meta":[],"acf":[],"yoast_head":"<!-- This site is optimized with the Yoast SEO plugin v17.8 - https:\/\/yoast.com\/wordpress\/plugins\/seo\/ -->\n<title>Private capital - Port Noir<\/title>\n<meta name=\"robots\" content=\"index, follow, max-snippet:-1, max-image-preview:large, max-video-preview:-1\" \/>\n<link rel=\"canonical\" href=\"https:\/\/www.portnoir.lu\/fr\/private-capital\/\" \/>\n<meta property=\"og:locale\" content=\"fr_FR\" \/>\n<meta property=\"og:type\" content=\"article\" \/>\n<meta property=\"og:title\" content=\"Private capital - Port Noir\" \/>\n<meta property=\"og:description\" content=\"Que ce soit pour le capital-investissement ou le capital-risque, l\u2019objectif de Port Noir est toujours le m\u00eame : constituer un portefeuille diversifi\u00e9 d&rsquo;investissements g\u00e9n\u00e9rateurs de revenus et de croissance. Nous recherchons des partenaires ambitieux, comp\u00e9tents et partageant les m\u00eames valeurs, investis tout au long dans le futur succ\u00e8s de leur entreprise. Private equity Si nos [&hellip;]\" \/>\n<meta property=\"og:url\" content=\"https:\/\/www.portnoir.lu\/fr\/private-capital\/\" \/>\n<meta property=\"og:site_name\" content=\"Port Noir\" \/>\n<meta property=\"article:modified_time\" content=\"2021-03-02T13:36:56+00:00\" \/>\n<meta property=\"og:image\" content=\"https:\/\/www.portnoir.lu\/wp-content\/uploads\/2021\/01\/private-capital_lead-1024x576.jpg\" \/>\n<meta name=\"twitter:card\" content=\"summary_large_image\" \/>\n<meta name=\"twitter:label1\" content=\"Dur\u00e9e de lecture estim\u00e9e\" \/>\n\t<meta name=\"twitter:data1\" content=\"2 minutes\" \/>\n<script type=\"application\/ld+json\" class=\"yoast-schema-graph\">{\"@context\":\"https:\/\/schema.org\",\"@graph\":[{\"@type\":\"WebSite\",\"@id\":\"https:\/\/www.portnoir.lu\/#website\",\"url\":\"https:\/\/www.portnoir.lu\/\",\"name\":\"Port Noir\",\"description\":\"Building values\",\"potentialAction\":[{\"@type\":\"SearchAction\",\"target\":{\"@type\":\"EntryPoint\",\"urlTemplate\":\"https:\/\/www.portnoir.lu\/?s={search_term_string}\"},\"query-input\":\"required name=search_term_string\"}],\"inLanguage\":\"fr-FR\"},{\"@type\":\"ImageObject\",\"@id\":\"https:\/\/www.portnoir.lu\/fr\/private-capital\/#primaryimage\",\"inLanguage\":\"fr-FR\",\"url\":\"https:\/\/www.portnoir.lu\/wp-content\/uploads\/2021\/01\/private-capital_lead.jpg\",\"contentUrl\":\"https:\/\/www.portnoir.lu\/wp-content\/uploads\/2021\/01\/private-capital_lead.jpg\",\"width\":1920,\"height\":1080},{\"@type\":\"WebPage\",\"@id\":\"https:\/\/www.portnoir.lu\/fr\/private-capital\/#webpage\",\"url\":\"https:\/\/www.portnoir.lu\/fr\/private-capital\/\",\"name\":\"Private capital - Port Noir\",\"isPartOf\":{\"@id\":\"https:\/\/www.portnoir.lu\/#website\"},\"primaryImageOfPage\":{\"@id\":\"https:\/\/www.portnoir.lu\/fr\/private-capital\/#primaryimage\"},\"datePublished\":\"2021-01-28T08:53:11+00:00\",\"dateModified\":\"2021-03-02T13:36:56+00:00\",\"breadcrumb\":{\"@id\":\"https:\/\/www.portnoir.lu\/fr\/private-capital\/#breadcrumb\"},\"inLanguage\":\"fr-FR\",\"potentialAction\":[{\"@type\":\"ReadAction\",\"target\":[\"https:\/\/www.portnoir.lu\/fr\/private-capital\/\"]}]},{\"@type\":\"BreadcrumbList\",\"@id\":\"https:\/\/www.portnoir.lu\/fr\/private-capital\/#breadcrumb\",\"itemListElement\":[{\"@type\":\"ListItem\",\"position\":1,\"name\":\"Private capital\"}]}]}<\/script>\n<!-- \/ Yoast SEO plugin. -->","yoast_head_json":{"title":"Private capital - Port Noir","robots":{"index":"index","follow":"follow","max-snippet":"max-snippet:-1","max-image-preview":"max-image-preview:large","max-video-preview":"max-video-preview:-1"},"canonical":"https:\/\/www.portnoir.lu\/fr\/private-capital\/","og_locale":"fr_FR","og_type":"article","og_title":"Private capital - Port Noir","og_description":"Que ce soit pour le capital-investissement ou le capital-risque, l\u2019objectif de Port Noir est toujours le m\u00eame : constituer un portefeuille diversifi\u00e9 d&rsquo;investissements g\u00e9n\u00e9rateurs de revenus et de croissance. Nous recherchons des partenaires ambitieux, comp\u00e9tents et partageant les m\u00eames valeurs, investis tout au long dans le futur succ\u00e8s de leur entreprise. Private equity Si nos [&hellip;]","og_url":"https:\/\/www.portnoir.lu\/fr\/private-capital\/","og_site_name":"Port Noir","article_modified_time":"2021-03-02T13:36:56+00:00","og_image":[{"url":"https:\/\/www.portnoir.lu\/wp-content\/uploads\/2021\/01\/private-capital_lead-1024x576.jpg"}],"twitter_card":"summary_large_image","twitter_misc":{"Dur\u00e9e de lecture estim\u00e9e":"2 minutes"},"schema":{"@context":"https:\/\/schema.org","@graph":[{"@type":"WebSite","@id":"https:\/\/www.portnoir.lu\/#website","url":"https:\/\/www.portnoir.lu\/","name":"Port Noir","description":"Building values","potentialAction":[{"@type":"SearchAction","target":{"@type":"EntryPoint","urlTemplate":"https:\/\/www.portnoir.lu\/?s={search_term_string}"},"query-input":"required name=search_term_string"}],"inLanguage":"fr-FR"},{"@type":"ImageObject","@id":"https:\/\/www.portnoir.lu\/fr\/private-capital\/#primaryimage","inLanguage":"fr-FR","url":"https:\/\/www.portnoir.lu\/wp-content\/uploads\/2021\/01\/private-capital_lead.jpg","contentUrl":"https:\/\/www.portnoir.lu\/wp-content\/uploads\/2021\/01\/private-capital_lead.jpg","width":1920,"height":1080},{"@type":"WebPage","@id":"https:\/\/www.portnoir.lu\/fr\/private-capital\/#webpage","url":"https:\/\/www.portnoir.lu\/fr\/private-capital\/","name":"Private capital - Port Noir","isPartOf":{"@id":"https:\/\/www.portnoir.lu\/#website"},"primaryImageOfPage":{"@id":"https:\/\/www.portnoir.lu\/fr\/private-capital\/#primaryimage"},"datePublished":"2021-01-28T08:53:11+00:00","dateModified":"2021-03-02T13:36:56+00:00","breadcrumb":{"@id":"https:\/\/www.portnoir.lu\/fr\/private-capital\/#breadcrumb"},"inLanguage":"fr-FR","potentialAction":[{"@type":"ReadAction","target":["https:\/\/www.portnoir.lu\/fr\/private-capital\/"]}]},{"@type":"BreadcrumbList","@id":"https:\/\/www.portnoir.lu\/fr\/private-capital\/#breadcrumb","itemListElement":[{"@type":"ListItem","position":1,"name":"Private capital"}]}]}},"_links":{"self":[{"href":"https:\/\/www.portnoir.lu\/fr\/wp-json\/wp\/v2\/pages\/392"}],"collection":[{"href":"https:\/\/www.portnoir.lu\/fr\/wp-json\/wp\/v2\/pages"}],"about":[{"href":"https:\/\/www.portnoir.lu\/fr\/wp-json\/wp\/v2\/types\/page"}],"author":[{"embeddable":true,"href":"https:\/\/www.portnoir.lu\/fr\/wp-json\/wp\/v2\/users\/1"}],"replies":[{"embeddable":true,"href":"https:\/\/www.portnoir.lu\/fr\/wp-json\/wp\/v2\/comments?post=392"}],"version-history":[{"count":3,"href":"https:\/\/www.portnoir.lu\/fr\/wp-json\/wp\/v2\/pages\/392\/revisions"}],"predecessor-version":[{"id":457,"href":"https:\/\/www.portnoir.lu\/fr\/wp-json\/wp\/v2\/pages\/392\/revisions\/457"}],"wp:attachment":[{"href":"https:\/\/www.portnoir.lu\/fr\/wp-json\/wp\/v2\/media?parent=392"}],"curies":[{"name":"wp","href":"https:\/\/api.w.org\/{rel}","templated":true}]}}