{"id":395,"date":"2021-01-27T15:55:09","date_gmt":"2021-01-27T15:55:09","guid":{"rendered":"https:\/\/www.portnoir.lu\/real-estate\/"},"modified":"2021-03-02T11:05:18","modified_gmt":"2021-03-02T11:05:18","slug":"immobilier","status":"publish","type":"page","link":"https:\/\/www.portnoir.lu\/fr\/immobilier\/","title":{"rendered":"Immobilier"},"content":{"rendered":"\n<div class=\"wp-block-columns basic-header\">\n<div class=\"wp-block-column\">\n<p>\u00catre leader du secteur n\u00e9cessite de s\u2019adapter rapidement aux diff\u00e9rentes cultures et de faire preuve d\u2019une grande r\u00e9activit\u00e9 face aux besoins du march\u00e9. Le d\u00e9veloppement durable\u00a0est aujourd\u2019hui le plus grand d\u00e9fi de notre Groupe et nous nous sommes engag\u00e9s \u00e0 \u00e9tablir de nouvelles normes pour les projets et les r\u00e9alisations que nous concevons.<\/p>\n<\/div>\n<\/div>\n\n\n\n<figure class=\"wp-block-image size-large\"><img loading=\"lazy\" width=\"1024\" height=\"576\" src=\"https:\/\/www.portnoir.lu\/wp-content\/uploads\/2021\/02\/REAL_ESTATE-1024x576.jpg\" alt=\"\" class=\"wp-image-367\" srcset=\"https:\/\/www.portnoir.lu\/wp-content\/uploads\/2021\/02\/REAL_ESTATE-1024x576.jpg 1024w, https:\/\/www.portnoir.lu\/wp-content\/uploads\/2021\/02\/REAL_ESTATE-300x169.jpg 300w, https:\/\/www.portnoir.lu\/wp-content\/uploads\/2021\/02\/REAL_ESTATE-768x432.jpg 768w, https:\/\/www.portnoir.lu\/wp-content\/uploads\/2021\/02\/REAL_ESTATE-1536x864.jpg 1536w, https:\/\/www.portnoir.lu\/wp-content\/uploads\/2021\/02\/REAL_ESTATE.jpg 1920w\" sizes=\"(max-width: 1024px) 100vw, 1024px\" \/><\/figure>\n\n\n<div class=\"folio-container\">\n    <h3 class=\"has-text-align-center\">Portfolio<\/h3>\n\n    <div class=\"block-attached-columns folio-columns\">\n                \n            <div class=\"column\">\n                <a href=\"https:\/\/www.portnoir.lu\/fr\/portfolio\/suisse\/\">\n                    <div class=\"title-container\">\n                        <p class=\"column-title\">Suisse<\/p>\n                    <\/div>\n\n                    <div class=\"img-container\">\n                        <figure class=\"js-no-animate\">\n                            <img src=\"https:\/\/www.portnoir.lu\/wp-content\/uploads\/2021\/01\/portfolio-suisse_thumbnail.jpg\" alt=\"Portfolio - Suisse\">\n                        <\/figure>\n                    <\/div>\n                <\/a>\n            <\/div>\n\n            <figcaption><\/figcaption>\n                \n            <div class=\"column\">\n                <a href=\"https:\/\/www.portnoir.lu\/fr\/portfolio\/portugal\/\">\n                    <div class=\"title-container\">\n                        <p class=\"column-title\">Portugal<\/p>\n                    <\/div>\n\n                    <div class=\"img-container\">\n                        <figure class=\"js-no-animate\">\n                            <img src=\"https:\/\/www.portnoir.lu\/wp-content\/uploads\/2021\/01\/portfolio-portugal_thumbnail.jpg\" alt=\"Portfolio - Portugal\">\n                        <\/figure>\n                    <\/div>\n                <\/a>\n            <\/div>\n\n            <figcaption><\/figcaption>\n            <\/div>\n<\/div>\n","protected":false},"excerpt":{"rendered":"<p>\u00catre leader du secteur n\u00e9cessite de s\u2019adapter rapidement aux diff\u00e9rentes cultures et de faire preuve d\u2019une grande r\u00e9activit\u00e9 face aux besoins du march\u00e9. Le d\u00e9veloppement durable\u00a0est aujourd\u2019hui le plus grand d\u00e9fi de notre Groupe et nous nous sommes engag\u00e9s \u00e0 \u00e9tablir de nouvelles normes pour les projets et les r\u00e9alisations que nous concevons.<\/p>\n","protected":false},"author":1,"featured_media":0,"parent":0,"menu_order":0,"comment_status":"closed","ping_status":"closed","template":"","meta":[],"acf":[],"yoast_head":"<!-- This site is optimized with the Yoast SEO plugin v17.8 - https:\/\/yoast.com\/wordpress\/plugins\/seo\/ -->\n<title>Immobilier - Port Noir<\/title>\n<meta name=\"robots\" content=\"index, follow, max-snippet:-1, max-image-preview:large, max-video-preview:-1\" \/>\n<link rel=\"canonical\" href=\"https:\/\/www.portnoir.lu\/fr\/immobilier\/\" \/>\n<meta property=\"og:locale\" content=\"fr_FR\" \/>\n<meta property=\"og:type\" content=\"article\" \/>\n<meta property=\"og:title\" content=\"Immobilier - Port Noir\" \/>\n<meta property=\"og:description\" content=\"\u00catre leader du secteur n\u00e9cessite de s\u2019adapter rapidement aux diff\u00e9rentes cultures et de faire preuve d\u2019une grande r\u00e9activit\u00e9 face aux besoins du march\u00e9. Le d\u00e9veloppement durable\u00a0est aujourd\u2019hui le plus grand d\u00e9fi de notre Groupe et nous nous sommes engag\u00e9s \u00e0 \u00e9tablir de nouvelles normes pour les projets et les r\u00e9alisations que nous concevons.\" \/>\n<meta property=\"og:url\" content=\"https:\/\/www.portnoir.lu\/fr\/immobilier\/\" \/>\n<meta property=\"og:site_name\" content=\"Port Noir\" \/>\n<meta property=\"article:modified_time\" content=\"2021-03-02T11:05:18+00:00\" \/>\n<meta property=\"og:image\" content=\"https:\/\/www.portnoir.lu\/wp-content\/uploads\/2021\/02\/REAL_ESTATE-1024x576.jpg\" \/>\n<meta name=\"twitter:card\" content=\"summary_large_image\" \/>\n<meta name=\"twitter:label1\" content=\"Dur\u00e9e de lecture estim\u00e9e\" \/>\n\t<meta name=\"twitter:data1\" content=\"1 minute\" \/>\n<script type=\"application\/ld+json\" class=\"yoast-schema-graph\">{\"@context\":\"https:\/\/schema.org\",\"@graph\":[{\"@type\":\"WebSite\",\"@id\":\"https:\/\/www.portnoir.lu\/#website\",\"url\":\"https:\/\/www.portnoir.lu\/\",\"name\":\"Port Noir\",\"description\":\"Building values\",\"potentialAction\":[{\"@type\":\"SearchAction\",\"target\":{\"@type\":\"EntryPoint\",\"urlTemplate\":\"https:\/\/www.portnoir.lu\/?s={search_term_string}\"},\"query-input\":\"required name=search_term_string\"}],\"inLanguage\":\"fr-FR\"},{\"@type\":\"ImageObject\",\"@id\":\"https:\/\/www.portnoir.lu\/fr\/immobilier\/#primaryimage\",\"inLanguage\":\"fr-FR\",\"url\":\"https:\/\/www.portnoir.lu\/wp-content\/uploads\/2021\/02\/REAL_ESTATE.jpg\",\"contentUrl\":\"https:\/\/www.portnoir.lu\/wp-content\/uploads\/2021\/02\/REAL_ESTATE.jpg\",\"width\":1920,\"height\":1080},{\"@type\":\"WebPage\",\"@id\":\"https:\/\/www.portnoir.lu\/fr\/immobilier\/#webpage\",\"url\":\"https:\/\/www.portnoir.lu\/fr\/immobilier\/\",\"name\":\"Immobilier - Port Noir\",\"isPartOf\":{\"@id\":\"https:\/\/www.portnoir.lu\/#website\"},\"primaryImageOfPage\":{\"@id\":\"https:\/\/www.portnoir.lu\/fr\/immobilier\/#primaryimage\"},\"datePublished\":\"2021-01-27T15:55:09+00:00\",\"dateModified\":\"2021-03-02T11:05:18+00:00\",\"breadcrumb\":{\"@id\":\"https:\/\/www.portnoir.lu\/fr\/immobilier\/#breadcrumb\"},\"inLanguage\":\"fr-FR\",\"potentialAction\":[{\"@type\":\"ReadAction\",\"target\":[\"https:\/\/www.portnoir.lu\/fr\/immobilier\/\"]}]},{\"@type\":\"BreadcrumbList\",\"@id\":\"https:\/\/www.portnoir.lu\/fr\/immobilier\/#breadcrumb\",\"itemListElement\":[{\"@type\":\"ListItem\",\"position\":1,\"name\":\"Immobilier\"}]}]}<\/script>\n<!-- \/ Yoast SEO plugin. -->","yoast_head_json":{"title":"Immobilier - Port Noir","robots":{"index":"index","follow":"follow","max-snippet":"max-snippet:-1","max-image-preview":"max-image-preview:large","max-video-preview":"max-video-preview:-1"},"canonical":"https:\/\/www.portnoir.lu\/fr\/immobilier\/","og_locale":"fr_FR","og_type":"article","og_title":"Immobilier - Port Noir","og_description":"\u00catre leader du secteur n\u00e9cessite de s\u2019adapter rapidement aux diff\u00e9rentes cultures et de faire preuve d\u2019une grande r\u00e9activit\u00e9 face aux besoins du march\u00e9. Le d\u00e9veloppement durable\u00a0est aujourd\u2019hui le plus grand d\u00e9fi de notre Groupe et nous nous sommes engag\u00e9s \u00e0 \u00e9tablir de nouvelles normes pour les projets et les r\u00e9alisations que nous concevons.","og_url":"https:\/\/www.portnoir.lu\/fr\/immobilier\/","og_site_name":"Port Noir","article_modified_time":"2021-03-02T11:05:18+00:00","og_image":[{"url":"https:\/\/www.portnoir.lu\/wp-content\/uploads\/2021\/02\/REAL_ESTATE-1024x576.jpg"}],"twitter_card":"summary_large_image","twitter_misc":{"Dur\u00e9e de lecture estim\u00e9e":"1 minute"},"schema":{"@context":"https:\/\/schema.org","@graph":[{"@type":"WebSite","@id":"https:\/\/www.portnoir.lu\/#website","url":"https:\/\/www.portnoir.lu\/","name":"Port Noir","description":"Building values","potentialAction":[{"@type":"SearchAction","target":{"@type":"EntryPoint","urlTemplate":"https:\/\/www.portnoir.lu\/?s={search_term_string}"},"query-input":"required name=search_term_string"}],"inLanguage":"fr-FR"},{"@type":"ImageObject","@id":"https:\/\/www.portnoir.lu\/fr\/immobilier\/#primaryimage","inLanguage":"fr-FR","url":"https:\/\/www.portnoir.lu\/wp-content\/uploads\/2021\/02\/REAL_ESTATE.jpg","contentUrl":"https:\/\/www.portnoir.lu\/wp-content\/uploads\/2021\/02\/REAL_ESTATE.jpg","width":1920,"height":1080},{"@type":"WebPage","@id":"https:\/\/www.portnoir.lu\/fr\/immobilier\/#webpage","url":"https:\/\/www.portnoir.lu\/fr\/immobilier\/","name":"Immobilier - Port Noir","isPartOf":{"@id":"https:\/\/www.portnoir.lu\/#website"},"primaryImageOfPage":{"@id":"https:\/\/www.portnoir.lu\/fr\/immobilier\/#primaryimage"},"datePublished":"2021-01-27T15:55:09+00:00","dateModified":"2021-03-02T11:05:18+00:00","breadcrumb":{"@id":"https:\/\/www.portnoir.lu\/fr\/immobilier\/#breadcrumb"},"inLanguage":"fr-FR","potentialAction":[{"@type":"ReadAction","target":["https:\/\/www.portnoir.lu\/fr\/immobilier\/"]}]},{"@type":"BreadcrumbList","@id":"https:\/\/www.portnoir.lu\/fr\/immobilier\/#breadcrumb","itemListElement":[{"@type":"ListItem","position":1,"name":"Immobilier"}]}]}},"_links":{"self":[{"href":"https:\/\/www.portnoir.lu\/fr\/wp-json\/wp\/v2\/pages\/395"}],"collection":[{"href":"https:\/\/www.portnoir.lu\/fr\/wp-json\/wp\/v2\/pages"}],"about":[{"href":"https:\/\/www.portnoir.lu\/fr\/wp-json\/wp\/v2\/types\/page"}],"author":[{"embeddable":true,"href":"https:\/\/www.portnoir.lu\/fr\/wp-json\/wp\/v2\/users\/1"}],"replies":[{"embeddable":true,"href":"https:\/\/www.portnoir.lu\/fr\/wp-json\/wp\/v2\/comments?post=395"}],"version-history":[{"count":2,"href":"https:\/\/www.portnoir.lu\/fr\/wp-json\/wp\/v2\/pages\/395\/revisions"}],"predecessor-version":[{"id":416,"href":"https:\/\/www.portnoir.lu\/fr\/wp-json\/wp\/v2\/pages\/395\/revisions\/416"}],"wp:attachment":[{"href":"https:\/\/www.portnoir.lu\/fr\/wp-json\/wp\/v2\/media?parent=395"}],"curies":[{"name":"wp","href":"https:\/\/api.w.org\/{rel}","templated":true}]}}